{"id":1294,"date":"2024-03-28T12:49:37","date_gmt":"2024-03-28T19:49:37","guid":{"rendered":"http:\/\/htlf.local\/equipo\/personal\/"},"modified":"2026-03-17T20:29:36","modified_gmt":"2026-03-18T03:29:36","slug":"personal","status":"publish","type":"page","link":"https:\/\/hlf-law.com\/es\/equipo\/personal\/","title":{"rendered":"Personal"},"content":{"rendered":"\t\t<div data-elementor-type=\"wp-page\" data-elementor-id=\"1294\" class=\"elementor elementor-1294 elementor-371\" data-elementor-post-type=\"page\">\n\t\t\t\t<div class=\"elementor-element elementor-element-9b93b89 e-flex e-con-boxed e-con e-parent\" data-id=\"9b93b89\" data-element_type=\"container\" data-e-type=\"container\" data-settings=\"{&quot;background_background&quot;:&quot;classic&quot;}\">\n\t\t\t\t\t<div class=\"e-con-inner\">\n\t\t\t\t<div class=\"elementor-element elementor-element-d1abf3a elementor-invisible elementor-widget elementor-widget-heading\" data-id=\"d1abf3a\" data-element_type=\"widget\" data-e-type=\"widget\" data-settings=\"{&quot;_animation&quot;:&quot;fadeIn&quot;,&quot;_animation_delay&quot;:100}\" data-widget_type=\"heading.default\">\n\t\t\t\t<div class=\"elementor-widget-container\">\n\t\t\t\t\t<h1 class=\"elementor-heading-title elementor-size-default\">Personal<\/h1>\t\t\t\t<\/div>\n\t\t\t\t<\/div>\n\t\t\t\t<div class=\"elementor-element elementor-element-96c3c7b drop-shadow-sm animated-fast elementor-invisible elementor-widget elementor-widget-image\" data-id=\"96c3c7b\" data-element_type=\"widget\" data-e-type=\"widget\" data-settings=\"{&quot;_animation&quot;:&quot;subtleFadeInUp&quot;,&quot;_animation_delay&quot;:300}\" data-widget_type=\"image.default\">\n\t\t\t\t<div class=\"elementor-widget-container\">\n\t\t\t\t\t\t\t\t\t\t\t\t\t\t\t<img decoding=\"async\" src=\"https:\/\/hlf-law.com\/wp-content\/uploads\/ht-badge.png\" title=\"ht-badge\" alt=\"ht-badge\" loading=\"lazy\" \/>\t\t\t\t\t\t\t\t\t\t\t\t\t\t\t<\/div>\n\t\t\t\t<\/div>\n\t\t\t\t\t<\/div>\n\t\t\t\t<\/div>\n\t\t<div class=\"elementor-element elementor-element-6728a68 section-padding e-flex e-con-boxed e-con e-parent\" data-id=\"6728a68\" data-element_type=\"container\" data-e-type=\"container\">\n\t\t\t\t\t<div class=\"e-con-inner\">\n\t\t<div class=\"elementor-element elementor-element-50677a9 e-con-full e-flex e-con e-child\" data-id=\"50677a9\" data-element_type=\"container\" data-e-type=\"container\">\n\t\t\t\t<div class=\"elementor-element elementor-element-51f5cc2 elementor-widget__width-initial elementor-widget-mobile__width-inherit drop-shadow-lg elementor-widget elementor-widget-image\" data-id=\"51f5cc2\" data-element_type=\"widget\" data-e-type=\"widget\" data-widget_type=\"image.default\">\n\t\t\t\t<div class=\"elementor-widget-container\">\n\t\t\t\t\t\t\t\t\t\t\t\t\t\t\t<img fetchpriority=\"high\" decoding=\"async\" width=\"720\" height=\"720\" src=\"https:\/\/hlf-law.com\/wp-content\/uploads\/sue.webp\" class=\"attachment-full size-full wp-image-606\" alt=\"\" srcset=\"https:\/\/hlf-law.com\/wp-content\/uploads\/sue.webp 720w, https:\/\/hlf-law.com\/wp-content\/uploads\/sue-360x360.webp 360w\" sizes=\"(max-width: 720px) 100vw, 720px\" \/>\t\t\t\t\t\t\t\t\t\t\t\t\t\t\t<\/div>\n\t\t\t\t<\/div>\n\t\t\t\t<div class=\"elementor-element elementor-element-cde4bb9 elementor-widget__width-initial elementor-widget-mobile__width-inherit elementor-widget elementor-widget-text-editor\" data-id=\"cde4bb9\" data-element_type=\"widget\" data-e-type=\"widget\" data-widget_type=\"text-editor.default\">\n\t\t\t\t<div class=\"elementor-widget-container\">\n\t\t\t\t\t\t\t\t\t<h3>Sue Nguyen<\/h3>\n<p>Se uni\u00f3 por primera vez a Henderson Taylor Law Firm en enero de 2018 como una asistente. Tiene una licenciatura en Administraci\u00f3n de Empresas y Marketing de la Universidad de Washington y un Certificado en Estudios Paralegales de Clark College. En 2019, comenz\u00f3 una nueva posici\u00f3n como asistente legal y espera ayudar a tantas personas como pueda.  <\/p>\n<p>Sue creci\u00f3 en Vancouver, Washington, despu\u00e9s de llegar a Estados Unidos a la edad de dos a\u00f1os. Fuera del trabajo, le gusta pasar tiempo con su familia, cocinar, leer, escribir y ver sus pel\u00edculas y programas favoritos. <\/p>\n\t\t\t\t\t\t\t\t<\/div>\n\t\t\t\t<\/div>\n\t\t\t\t<\/div>\n\t\t<div class=\"elementor-element elementor-element-8e5a616 e-con-full e-flex e-con e-child\" data-id=\"8e5a616\" data-element_type=\"container\" data-e-type=\"container\">\n\t\t\t\t<div class=\"elementor-element elementor-element-404ae59 elementor-widget__width-initial elementor-widget-mobile__width-inherit drop-shadow-lg elementor-widget elementor-widget-image\" data-id=\"404ae59\" data-element_type=\"widget\" data-e-type=\"widget\" data-widget_type=\"image.default\">\n\t\t\t\t<div class=\"elementor-widget-container\">\n\t\t\t\t\t\t\t\t\t\t\t\t\t\t\t<img decoding=\"async\" width=\"720\" height=\"720\" src=\"https:\/\/hlf-law.com\/wp-content\/uploads\/rose.webp\" class=\"attachment-full size-full wp-image-607\" alt=\"\" srcset=\"https:\/\/hlf-law.com\/wp-content\/uploads\/rose.webp 720w, https:\/\/hlf-law.com\/wp-content\/uploads\/rose-360x360.webp 360w\" sizes=\"(max-width: 720px) 100vw, 720px\" \/>\t\t\t\t\t\t\t\t\t\t\t\t\t\t\t<\/div>\n\t\t\t\t<\/div>\n\t\t\t\t<div class=\"elementor-element elementor-element-e491b25 elementor-widget__width-initial elementor-widget-mobile__width-inherit elementor-widget elementor-widget-text-editor\" data-id=\"e491b25\" data-element_type=\"widget\" data-e-type=\"widget\" data-widget_type=\"text-editor.default\">\n\t\t\t\t<div class=\"elementor-widget-container\">\n\t\t\t\t\t\t\t\t\t<h3>Roselyn (Rose) Moore<\/h3>\n<p>Se uni\u00f3 a Henderson Taylor Law Firm en 2022 como asistente legal. Obtuvo una licenciatura en Negocios y Espa\u00f1ol de la Universidad del Pac\u00edfico y ha pasado los \u00faltimos 16 a\u00f1os trabajando como asistente legal en Oregon y Washington. Le encanta que ella es capaz de utilizar su experiencia y conocimientos jur\u00eddicos para ayudar a los clientes que est\u00e1n pasando por momentos dif\u00edciles.  <\/p>\n<p>Rose creci\u00f3 en Hillsboro, Oreg\u00f3n, donde tuvo la suerte de hacer muchos amigos hispanos y conocer su cultura. Habla espa\u00f1ol con fluidez. Hace unos ocho a\u00f1os, se mud\u00f3 a Vancouver, Washington. Cuando no est\u00e1 trabajando, le gusta viajar, leer, escribir historias cortas, ver programas en streaming y aprender cualquier cosa nueva, especialmente idiomas.   <\/p>\n\t\t\t\t\t\t\t\t<\/div>\n\t\t\t\t<\/div>\n\t\t\t\t<\/div>\n\t\t<div class=\"elementor-element elementor-element-7b02da8 e-con-full e-flex e-con e-child\" data-id=\"7b02da8\" data-element_type=\"container\" data-e-type=\"container\">\n\t\t\t\t<div class=\"elementor-element elementor-element-eefbf12 elementor-widget__width-initial elementor-widget-mobile__width-inherit drop-shadow-lg elementor-widget elementor-widget-image\" data-id=\"eefbf12\" data-element_type=\"widget\" data-e-type=\"widget\" data-widget_type=\"image.default\">\n\t\t\t\t<div class=\"elementor-widget-container\">\n\t\t\t\t\t\t\t\t\t\t\t\t\t\t\t<img decoding=\"async\" width=\"720\" height=\"720\" src=\"https:\/\/hlf-law.com\/wp-content\/uploads\/bre.webp\" class=\"attachment-full size-full wp-image-608\" alt=\"\" srcset=\"https:\/\/hlf-law.com\/wp-content\/uploads\/bre.webp 720w, https:\/\/hlf-law.com\/wp-content\/uploads\/bre-360x360.webp 360w\" sizes=\"(max-width: 720px) 100vw, 720px\" \/>\t\t\t\t\t\t\t\t\t\t\t\t\t\t\t<\/div>\n\t\t\t\t<\/div>\n\t\t\t\t<div class=\"elementor-element elementor-element-421483a elementor-widget__width-initial elementor-widget-mobile__width-inherit elementor-widget elementor-widget-text-editor\" data-id=\"421483a\" data-element_type=\"widget\" data-e-type=\"widget\" data-widget_type=\"text-editor.default\">\n\t\t\t\t<div class=\"elementor-widget-container\">\n\t\t\t\t\t\t\t\t\t<h3>Bre Waddell<\/h3>\n<p>Se incorpor\u00f3 al bufete en 2022 como directora de oficina. Tiene una licenciatura en Administraci\u00f3n de Empresas y Liderazgo de la Universidad Estatal de Portland, y t\u00edtulos de Asociado en Administraci\u00f3n de Hosteler\u00eda y Artes Culinarias de Ozarks Technical Community College. <\/p>\n<p>Bre creci\u00f3 en Coos Bay (Oreg\u00f3n), pas\u00f3 alg\u00fan tiempo en Springfield (Misuri) y se traslad\u00f3 a Vancouver en 2012 porque echaba de menos vivir en el noroeste del Pac\u00edfico. En su tiempo libre, le gusta leer, tocar el viol\u00edn y navegar en kayak siempre que puede. <\/p>\n\t\t\t\t\t\t\t\t<\/div>\n\t\t\t\t<\/div>\n\t\t\t\t<\/div>\n\t\t\t\t<div class=\"elementor-element elementor-element-27d8259 elementor-widget elementor-widget-shortcode\" data-id=\"27d8259\" data-element_type=\"widget\" data-e-type=\"widget\" data-widget_type=\"shortcode.default\">\n\t\t\t\t<div class=\"elementor-widget-container\">\n\t\t\t\t\t\t\t<div class=\"elementor-shortcode\">\t\t<div data-elementor-type=\"container\" data-elementor-id=\"1340\" class=\"elementor elementor-1340 elementor-500\" data-elementor-post-type=\"elementor_library\">\n\t\t\t\t<div class=\"elementor-element elementor-element-35845b52 drop-shadow-sm e-flex e-con-boxed e-con e-child\" data-id=\"35845b52\" data-element_type=\"container\" data-e-type=\"container\" data-settings=\"{&quot;background_background&quot;:&quot;classic&quot;}\">\n\t\t\t\t\t<div class=\"e-con-inner\">\n\t\t\t\t<div class=\"elementor-element elementor-element-54289109 elementor-widget__width-initial elementor-widget-tablet__width-inherit elementor-widget elementor-widget-heading\" data-id=\"54289109\" data-element_type=\"widget\" data-e-type=\"widget\" data-widget_type=\"heading.default\">\n\t\t\t\t<div class=\"elementor-widget-container\">\n\t\t\t\t\t<h4 class=\"elementor-heading-title elementor-size-default\">Comun\u00edquese hoy con la firma de lesiones personales de Vancouver y Portland, Henderson Taylor Law Firm. Esperamos reunirnos con usted y lograr una estrategia para ayudarlo a resolver exitosamente su asunto legal. <\/h4>\t\t\t\t<\/div>\n\t\t\t\t<\/div>\n\t\t\t\t<div class=\"elementor-element elementor-element-695dbf0b elementor-align-right elementor-tablet-align-left elementor-widget__width-initial elementor-widget elementor-widget-button\" data-id=\"695dbf0b\" data-element_type=\"widget\" data-e-type=\"widget\" data-widget_type=\"button.default\">\n\t\t\t\t<div class=\"elementor-widget-container\">\n\t\t\t\t\t\t\t\t\t<div class=\"elementor-button-wrapper\">\n\t\t\t\t\t<a class=\"elementor-button elementor-button-link elementor-size-sm\" href=\"tel:(360)%20334-3547\">\n\t\t\t\t\t\t<span class=\"elementor-button-content-wrapper\">\n\t\t\t\t\t\t<span class=\"elementor-button-icon\">\n\t\t\t\t<svg aria-hidden=\"true\" class=\"e-font-icon-svg e-fas-phone-alt\" viewBox=\"0 0 512 512\" xmlns=\"http:\/\/www.w3.org\/2000\/svg\"><path d=\"M497.39 361.8l-112-48a24 24 0 0 0-28 6.9l-49.6 60.6A370.66 370.66 0 0 1 130.6 204.11l60.6-49.6a23.94 23.94 0 0 0 6.9-28l-48-112A24.16 24.16 0 0 0 122.6.61l-104 24A24 24 0 0 0 0 48c0 256.5 207.9 464 464 464a24 24 0 0 0 23.4-18.6l24-104a24.29 24.29 0 0 0-14.01-27.6z\"><\/path><\/svg>\t\t\t<\/span>\n\t\t\t\t\t\t\t\t\t<span class=\"elementor-button-text\">(360) 334-3547<\/span>\n\t\t\t\t\t<\/span>\n\t\t\t\t\t<\/a>\n\t\t\t\t<\/div>\n\t\t\t\t\t\t\t\t<\/div>\n\t\t\t\t<\/div>\n\t\t\t\t\t<\/div>\n\t\t\t\t<\/div>\n\t\t\t\t<\/div>\n\t\t<\/div>\n\t\t\t\t\t\t<\/div>\n\t\t\t\t<\/div>\n\t\t\t\t\t<\/div>\n\t\t\t\t<\/div>\n\t\t\t\t<\/div>\n\t\t","protected":false},"excerpt":{"rendered":"<p>Sue Nguyen Se uni\u00f3 por primera vez a Henderson Taylor Law Firm en enero de 2018 como una asistente. Tiene una licenciatura en Administraci\u00f3n de Empresas y Marketing de la Universidad de Washington y un Certificado en Estudios Paralegales de Clark College. En 2019, comenz\u00f3 una nueva posici\u00f3n como asistente legal y espera ayudar a [&hellip;]<\/p>\n","protected":false},"author":1,"featured_media":1253,"parent":1285,"menu_order":0,"comment_status":"closed","ping_status":"closed","template":"","meta":{"_acf_changed":false,"footnotes":""},"class_list":["post-1294","page","type-page","status-publish","has-post-thumbnail","hentry"],"acf":[],"yoast_head":"<!-- This site is optimized with the Yoast SEO plugin v27.4 - https:\/\/yoast.com\/product\/yoast-seo-wordpress\/ -->\n<title>Personal | Lesiones Personales | Henderson Taylor Law Firm<\/title>\n<meta name=\"description\" content=\"Conozca al equipo de Henderson Taylor: profesionales capacitados dedicados a ofrecer orientaci\u00f3n legal y apoyo personal.\" \/>\n<meta name=\"robots\" content=\"index, follow, max-snippet:-1, max-image-preview:large, max-video-preview:-1\" \/>\n<link rel=\"canonical\" href=\"https:\/\/hlf-law.com\/es\/equipo\/personal\/\" \/>\n<meta property=\"og:locale\" content=\"es_ES\" \/>\n<meta property=\"og:type\" content=\"article\" \/>\n<meta property=\"og:title\" content=\"Personal | Lesiones Personales | Henderson Taylor Law Firm\" \/>\n<meta property=\"og:description\" content=\"Conozca al equipo de Henderson Taylor: profesionales capacitados dedicados a ofrecer orientaci\u00f3n legal y apoyo personal.\" \/>\n<meta property=\"og:url\" content=\"https:\/\/hlf-law.com\/es\/equipo\/personal\/\" \/>\n<meta property=\"og:site_name\" content=\"Henderson Taylor Law Firm\" \/>\n<meta property=\"article:publisher\" content=\"https:\/\/www.facebook.com\/Secure-Law-PC-363835373821008\/info?tab=page_info\" \/>\n<meta property=\"article:modified_time\" content=\"2026-03-18T03:29:36+00:00\" \/>\n<meta property=\"og:image\" content=\"http:\/\/hlf-law.com\/wp-content\/uploads\/nate-foong-eOKpV-DRU4E-unsplash.webp\" \/>\n\t<meta property=\"og:image:width\" content=\"1920\" \/>\n\t<meta property=\"og:image:height\" content=\"1280\" \/>\n\t<meta property=\"og:image:type\" content=\"image\/webp\" \/>\n<meta name=\"twitter:card\" content=\"summary_large_image\" \/>\n<meta name=\"twitter:site\" content=\"@SecureLawPC\" \/>\n<meta name=\"twitter:label1\" content=\"Tiempo de lectura\" \/>\n\t<meta name=\"twitter:data1\" content=\"3 minutos\" \/>\n<script type=\"application\/ld+json\" class=\"yoast-schema-graph\">{\"@context\":\"https:\\\/\\\/schema.org\",\"@graph\":[{\"@type\":\"WebPage\",\"@id\":\"https:\\\/\\\/hlf-law.com\\\/es\\\/equipo\\\/personal\\\/\",\"url\":\"https:\\\/\\\/hlf-law.com\\\/es\\\/equipo\\\/personal\\\/\",\"name\":\"Personal | Lesiones Personales | Henderson Taylor Law Firm\",\"isPartOf\":{\"@id\":\"https:\\\/\\\/hlf-law.com\\\/es\\\/#website\"},\"primaryImageOfPage\":{\"@id\":\"https:\\\/\\\/hlf-law.com\\\/es\\\/equipo\\\/personal\\\/#primaryimage\"},\"image\":{\"@id\":\"https:\\\/\\\/hlf-law.com\\\/es\\\/equipo\\\/personal\\\/#primaryimage\"},\"thumbnailUrl\":\"https:\\\/\\\/hlf-law.com\\\/wp-content\\\/uploads\\\/nate-foong-eOKpV-DRU4E-unsplash.webp\",\"datePublished\":\"2024-03-28T19:49:37+00:00\",\"dateModified\":\"2026-03-18T03:29:36+00:00\",\"description\":\"Conozca al equipo de Henderson Taylor: profesionales capacitados dedicados a ofrecer orientaci\u00f3n legal y apoyo personal.\",\"breadcrumb\":{\"@id\":\"https:\\\/\\\/hlf-law.com\\\/es\\\/equipo\\\/personal\\\/#breadcrumb\"},\"inLanguage\":\"es\",\"potentialAction\":[{\"@type\":\"ReadAction\",\"target\":[\"https:\\\/\\\/hlf-law.com\\\/es\\\/equipo\\\/personal\\\/\"]}]},{\"@type\":\"ImageObject\",\"inLanguage\":\"es\",\"@id\":\"https:\\\/\\\/hlf-law.com\\\/es\\\/equipo\\\/personal\\\/#primaryimage\",\"url\":\"https:\\\/\\\/hlf-law.com\\\/wp-content\\\/uploads\\\/nate-foong-eOKpV-DRU4E-unsplash.webp\",\"contentUrl\":\"https:\\\/\\\/hlf-law.com\\\/wp-content\\\/uploads\\\/nate-foong-eOKpV-DRU4E-unsplash.webp\",\"width\":1920,\"height\":1280},{\"@type\":\"BreadcrumbList\",\"@id\":\"https:\\\/\\\/hlf-law.com\\\/es\\\/equipo\\\/personal\\\/#breadcrumb\",\"itemListElement\":[{\"@type\":\"ListItem\",\"position\":1,\"name\":\"Equipo\",\"item\":\"https:\\\/\\\/hlf-law.com\\\/es\\\/equipo\\\/\"},{\"@type\":\"ListItem\",\"position\":2,\"name\":\"Personal\"}]},{\"@type\":\"WebSite\",\"@id\":\"https:\\\/\\\/hlf-law.com\\\/es\\\/#website\",\"url\":\"https:\\\/\\\/hlf-law.com\\\/es\\\/\",\"name\":\"Henderson Taylor Law Firm\",\"description\":\"Personal Injury Attorney in Vancouver WA\",\"publisher\":{\"@id\":\"https:\\\/\\\/hlf-law.com\\\/es\\\/#organization\"},\"potentialAction\":[{\"@type\":\"SearchAction\",\"target\":{\"@type\":\"EntryPoint\",\"urlTemplate\":\"https:\\\/\\\/hlf-law.com\\\/es\\\/?s={search_term_string}\"},\"query-input\":{\"@type\":\"PropertyValueSpecification\",\"valueRequired\":true,\"valueName\":\"search_term_string\"}}],\"inLanguage\":\"es\"},{\"@type\":\"Organization\",\"@id\":\"https:\\\/\\\/hlf-law.com\\\/es\\\/#organization\",\"name\":\"Henderson Taylor\",\"url\":\"https:\\\/\\\/hlf-law.com\\\/es\\\/\",\"logo\":{\"@type\":\"ImageObject\",\"inLanguage\":\"es\",\"@id\":\"https:\\\/\\\/hlf-law.com\\\/es\\\/#\\\/schema\\\/logo\\\/image\\\/\",\"url\":\"https:\\\/\\\/hlf-law.com\\\/wp-content\\\/uploads\\\/logo-color-stack-1.png\",\"contentUrl\":\"https:\\\/\\\/hlf-law.com\\\/wp-content\\\/uploads\\\/logo-color-stack-1.png\",\"width\":436,\"height\":402,\"caption\":\"Henderson Taylor\"},\"image\":{\"@id\":\"https:\\\/\\\/hlf-law.com\\\/es\\\/#\\\/schema\\\/logo\\\/image\\\/\"},\"sameAs\":[\"https:\\\/\\\/www.facebook.com\\\/Secure-Law-PC-363835373821008\\\/info?tab=page_info\",\"https:\\\/\\\/x.com\\\/SecureLawPC\",\"https:\\\/\\\/www.linkedin.com\\\/pub\\\/scott-rogers\\\/3a\\\/98\\\/24b\"]}]}<\/script>\n<!-- \/ Yoast SEO plugin. -->","yoast_head_json":{"title":"Personal | Lesiones Personales | Henderson Taylor Law Firm","description":"Conozca al equipo de Henderson Taylor: profesionales capacitados dedicados a ofrecer orientaci\u00f3n legal y apoyo personal.","robots":{"index":"index","follow":"follow","max-snippet":"max-snippet:-1","max-image-preview":"max-image-preview:large","max-video-preview":"max-video-preview:-1"},"canonical":"https:\/\/hlf-law.com\/es\/equipo\/personal\/","og_locale":"es_ES","og_type":"article","og_title":"Personal | Lesiones Personales | Henderson Taylor Law Firm","og_description":"Conozca al equipo de Henderson Taylor: profesionales capacitados dedicados a ofrecer orientaci\u00f3n legal y apoyo personal.","og_url":"https:\/\/hlf-law.com\/es\/equipo\/personal\/","og_site_name":"Henderson Taylor Law Firm","article_publisher":"https:\/\/www.facebook.com\/Secure-Law-PC-363835373821008\/info?tab=page_info","article_modified_time":"2026-03-18T03:29:36+00:00","og_image":[{"width":1920,"height":1280,"url":"http:\/\/hlf-law.com\/wp-content\/uploads\/nate-foong-eOKpV-DRU4E-unsplash.webp","type":"image\/webp"}],"twitter_card":"summary_large_image","twitter_site":"@SecureLawPC","twitter_misc":{"Tiempo de lectura":"3 minutos"},"schema":{"@context":"https:\/\/schema.org","@graph":[{"@type":"WebPage","@id":"https:\/\/hlf-law.com\/es\/equipo\/personal\/","url":"https:\/\/hlf-law.com\/es\/equipo\/personal\/","name":"Personal | Lesiones Personales | Henderson Taylor Law Firm","isPartOf":{"@id":"https:\/\/hlf-law.com\/es\/#website"},"primaryImageOfPage":{"@id":"https:\/\/hlf-law.com\/es\/equipo\/personal\/#primaryimage"},"image":{"@id":"https:\/\/hlf-law.com\/es\/equipo\/personal\/#primaryimage"},"thumbnailUrl":"https:\/\/hlf-law.com\/wp-content\/uploads\/nate-foong-eOKpV-DRU4E-unsplash.webp","datePublished":"2024-03-28T19:49:37+00:00","dateModified":"2026-03-18T03:29:36+00:00","description":"Conozca al equipo de Henderson Taylor: profesionales capacitados dedicados a ofrecer orientaci\u00f3n legal y apoyo personal.","breadcrumb":{"@id":"https:\/\/hlf-law.com\/es\/equipo\/personal\/#breadcrumb"},"inLanguage":"es","potentialAction":[{"@type":"ReadAction","target":["https:\/\/hlf-law.com\/es\/equipo\/personal\/"]}]},{"@type":"ImageObject","inLanguage":"es","@id":"https:\/\/hlf-law.com\/es\/equipo\/personal\/#primaryimage","url":"https:\/\/hlf-law.com\/wp-content\/uploads\/nate-foong-eOKpV-DRU4E-unsplash.webp","contentUrl":"https:\/\/hlf-law.com\/wp-content\/uploads\/nate-foong-eOKpV-DRU4E-unsplash.webp","width":1920,"height":1280},{"@type":"BreadcrumbList","@id":"https:\/\/hlf-law.com\/es\/equipo\/personal\/#breadcrumb","itemListElement":[{"@type":"ListItem","position":1,"name":"Equipo","item":"https:\/\/hlf-law.com\/es\/equipo\/"},{"@type":"ListItem","position":2,"name":"Personal"}]},{"@type":"WebSite","@id":"https:\/\/hlf-law.com\/es\/#website","url":"https:\/\/hlf-law.com\/es\/","name":"Henderson Taylor Law Firm","description":"Personal Injury Attorney in Vancouver WA","publisher":{"@id":"https:\/\/hlf-law.com\/es\/#organization"},"potentialAction":[{"@type":"SearchAction","target":{"@type":"EntryPoint","urlTemplate":"https:\/\/hlf-law.com\/es\/?s={search_term_string}"},"query-input":{"@type":"PropertyValueSpecification","valueRequired":true,"valueName":"search_term_string"}}],"inLanguage":"es"},{"@type":"Organization","@id":"https:\/\/hlf-law.com\/es\/#organization","name":"Henderson Taylor","url":"https:\/\/hlf-law.com\/es\/","logo":{"@type":"ImageObject","inLanguage":"es","@id":"https:\/\/hlf-law.com\/es\/#\/schema\/logo\/image\/","url":"https:\/\/hlf-law.com\/wp-content\/uploads\/logo-color-stack-1.png","contentUrl":"https:\/\/hlf-law.com\/wp-content\/uploads\/logo-color-stack-1.png","width":436,"height":402,"caption":"Henderson Taylor"},"image":{"@id":"https:\/\/hlf-law.com\/es\/#\/schema\/logo\/image\/"},"sameAs":["https:\/\/www.facebook.com\/Secure-Law-PC-363835373821008\/info?tab=page_info","https:\/\/x.com\/SecureLawPC","https:\/\/www.linkedin.com\/pub\/scott-rogers\/3a\/98\/24b"]}]}},"_links":{"self":[{"href":"https:\/\/hlf-law.com\/es\/wp-json\/wp\/v2\/pages\/1294","targetHints":{"allow":["GET"]}}],"collection":[{"href":"https:\/\/hlf-law.com\/es\/wp-json\/wp\/v2\/pages"}],"about":[{"href":"https:\/\/hlf-law.com\/es\/wp-json\/wp\/v2\/types\/page"}],"author":[{"embeddable":true,"href":"https:\/\/hlf-law.com\/es\/wp-json\/wp\/v2\/users\/1"}],"replies":[{"embeddable":true,"href":"https:\/\/hlf-law.com\/es\/wp-json\/wp\/v2\/comments?post=1294"}],"version-history":[{"count":0,"href":"https:\/\/hlf-law.com\/es\/wp-json\/wp\/v2\/pages\/1294\/revisions"}],"up":[{"embeddable":true,"href":"https:\/\/hlf-law.com\/es\/wp-json\/wp\/v2\/pages\/1285"}],"wp:featuredmedia":[{"embeddable":true,"href":"https:\/\/hlf-law.com\/es\/wp-json\/wp\/v2\/media\/1253"}],"wp:attachment":[{"href":"https:\/\/hlf-law.com\/es\/wp-json\/wp\/v2\/media?parent=1294"}],"curies":[{"name":"wp","href":"https:\/\/api.w.org\/{rel}","templated":true}]}}